{"id":225,"date":"2021-04-26T18:04:02","date_gmt":"2021-04-26T16:04:02","guid":{"rendered":"https:\/\/netkom.web.uni-flensburg.de\/?page_id=225"},"modified":"2021-04-27T10:57:02","modified_gmt":"2021-04-27T08:57:02","slug":"das-projekt-netkom-4-0-v-2","status":"publish","type":"page","link":"https:\/\/netkom.web.uni-flensburg.de\/de\/das-projekt-netkom-4-0-v-2\/","title":{"rendered":"Das Projekt NetKom 4.0 v.2"},"content":{"rendered":"\n<p>Die Digitalisierung der Arbeitswelt, insbesondere im Kontext von Industrie 4.0 und einer neuen digitalen Lernkultur, erfordern erweiterte Kompetenzen bei Lernenden. Fachkr\u00e4fte m\u00fcssen neben spezifischen beruflichen Kernkompetenzen ebenso \u00fcber breite, interdisziplin\u00e4re Kompetenzen verf\u00fcgen, um den Ver\u00e4nderungen in der industriellen Produktion und in der Gesellschaft erfolgreich zu begegnen. Dies impliziert entsprechend professionelle Lehrkr\u00e4fte, die junge Menschen bestm\u00f6glich im Rahmen der Aus- und Weiterbildung auf die beruflichen Anforderungen vorbereiten. Dabei bestehen f\u00fcr die Lehrkr\u00e4fte Herausforderungen, einerseits die dynamische Entwicklung der Technologien f\u00fcr sich selbst zu erschlie\u00dfen und andererseits, geeignete Lernumsetzungskonzepte in den Bildungsg\u00e4ngen zu etablieren.<\/p>\n\n\n\n<p>Aus diesem Grund setzt sich die Strategische Partnerschaft aus f\u00fcnf europ\u00e4ischen L\u00e4ndern (Norwegen, Deutschland, Litauen, \u00d6sterreich und Portugal) das gemeinsame Ziel, neue Ans\u00e4tze zu einer Professionalisierung von Lehrkr\u00e4ften in der europ\u00e4ischen beruflichen Aus- und Weiterbildung im Kontext von Industrie 4.0 zu entwickeln und zu erproben.<\/p>\n\n\n\n<p>Hierzu entwickelt jede Partnerinstitution, auf Basis ihrer individuellen Erfahrung, jeweils &#8222;Good-Practice&#8220; Lernkonzepte.<\/p>\n\n\n\n<p>In einem zweiten Schritt lernen entsprechende Fachlehrkr\u00e4fte aller Partner in gemeinsamen Schulungsveranstaltungen diese vielf\u00e4ltigen Unterrichtsumsetzungen nach dem Konzept des p\u00e4dagogischen Doppeldeckers, bei dem die lehrenden selbst zu den Lernenden werden, um eine eigenst\u00e4ndige Lernerfahrung zu entwickeln. Hierbei wird ein intensiver Austausch sowohl auf fachlicher als auch auf p\u00e4dagogischer Ebene erwartet. Von dieser Form der Lehrkr\u00e4fteprofessionalisierung wird erhofft, dass sie sich nachhaltiger auswirkt als herk\u00f6mmliche Formate und die Konzepte in die entsprechenden Partnerinstitutionen einflie\u00dfen. Sie l\u00e4sst sich als Fortbildungskonzept auch in andere Bereiche \u00fcbertragen.<\/p>\n\n\n\n<p>Die Strategische Partnerschaft liefert zu den &#8222;Good-Practice&#8220; Lernkonzepten jeweils Handlungsempfehlungen\/Guidelines sowie entsprechendes Lernmaterial.<\/p>\n","protected":false},"excerpt":{"rendered":"<p>Die Digitalisierung der Arbeitswelt, insbesondere im Kontext von Industrie 4.0 und einer neuen digitalen Lernkultur, erfordern erweiterte Kompetenzen bei Lernenden. Fachkr\u00e4fte m\u00fcssen neben spezifischen beruflichen Kernkompetenzen ebenso \u00fcber breite, interdisziplin\u00e4re Kompetenzen verf\u00fcgen, um den Ver\u00e4nderungen in der industriellen Produktion und in der Gesellschaft erfolgreich zu begegnen. Dies impliziert entsprechend professionelle Lehrkr\u00e4fte, die junge Menschen bestm\u00f6glich [&hellip;]<\/p>\n","protected":false},"author":1,"featured_media":0,"parent":0,"menu_order":0,"comment_status":"closed","ping_status":"closed","template":"","meta":{"site-sidebar-layout":"default","site-content-layout":"default","ast-site-content-layout":"","site-content-style":"default","site-sidebar-style":"default","ast-global-header-display":"","ast-banner-title-visibility":"","ast-main-header-display":"","ast-hfb-above-header-display":"","ast-hfb-below-header-display":"","ast-hfb-mobile-header-display":"","site-post-title":"","ast-breadcrumbs-content":"","ast-featured-img":"","footer-sml-layout":"","theme-transparent-header-meta":"default","adv-header-id-meta":"","stick-header-meta":"","header-above-stick-meta":"","header-main-stick-meta":"","header-below-stick-meta":"","astra-migrate-meta-layouts":"default","ast-page-background-enabled":"default","ast-page-background-meta":{"desktop":{"background-color":"var(--ast-global-color-4)","background-image":"","background-repeat":"repeat","background-position":"center center","background-size":"auto","background-attachment":"scroll","background-type":"","background-media":"","overlay-type":"","overlay-color":"","overlay-opacity":"","overlay-gradient":""},"tablet":{"background-color":"","background-image":"","background-repeat":"repeat","background-position":"center center","background-size":"auto","background-attachment":"scroll","background-type":"","background-media":"","overlay-type":"","overlay-color":"","overlay-opacity":"","overlay-gradient":""},"mobile":{"background-color":"","background-image":"","background-repeat":"repeat","background-position":"center center","background-size":"auto","background-attachment":"scroll","background-type":"","background-media":"","overlay-type":"","overlay-color":"","overlay-opacity":"","overlay-gradient":""}},"ast-content-background-meta":{"desktop":{"background-color":"var(--ast-global-color-5)","background-image":"","background-repeat":"repeat","background-position":"center center","background-size":"auto","background-attachment":"scroll","background-type":"","background-media":"","overlay-type":"","overlay-color":"","overlay-opacity":"","overlay-gradient":""},"tablet":{"background-color":"var(--ast-global-color-5)","background-image":"","background-repeat":"repeat","background-position":"center center","background-size":"auto","background-attachment":"scroll","background-type":"","background-media":"","overlay-type":"","overlay-color":"","overlay-opacity":"","overlay-gradient":""},"mobile":{"background-color":"var(--ast-global-color-5)","background-image":"","background-repeat":"repeat","background-position":"center center","background-size":"auto","background-attachment":"scroll","background-type":"","background-media":"","overlay-type":"","overlay-color":"","overlay-opacity":"","overlay-gradient":""}},"footnotes":""},"class_list":["post-225","page","type-page","status-publish","hentry"],"_links":{"self":[{"href":"https:\/\/netkom.web.uni-flensburg.de\/de\/wp-json\/wp\/v2\/pages\/225"}],"collection":[{"href":"https:\/\/netkom.web.uni-flensburg.de\/de\/wp-json\/wp\/v2\/pages"}],"about":[{"href":"https:\/\/netkom.web.uni-flensburg.de\/de\/wp-json\/wp\/v2\/types\/page"}],"author":[{"embeddable":true,"href":"https:\/\/netkom.web.uni-flensburg.de\/de\/wp-json\/wp\/v2\/users\/1"}],"replies":[{"embeddable":true,"href":"https:\/\/netkom.web.uni-flensburg.de\/de\/wp-json\/wp\/v2\/comments?post=225"}],"version-history":[{"count":7,"href":"https:\/\/netkom.web.uni-flensburg.de\/de\/wp-json\/wp\/v2\/pages\/225\/revisions"}],"predecessor-version":[{"id":311,"href":"https:\/\/netkom.web.uni-flensburg.de\/de\/wp-json\/wp\/v2\/pages\/225\/revisions\/311"}],"wp:attachment":[{"href":"https:\/\/netkom.web.uni-flensburg.de\/de\/wp-json\/wp\/v2\/media?parent=225"}],"curies":[{"name":"wp","href":"https:\/\/api.w.org\/{rel}","templated":true}]}}