{"id":52,"date":"2021-03-23T19:03:48","date_gmt":"2021-03-23T18:03:48","guid":{"rendered":"https:\/\/netkom.web.uni-flensburg.de\/?page_id=52"},"modified":"2021-06-28T12:01:02","modified_gmt":"2021-06-28T10:01:02","slug":"homepage-seite","status":"publish","type":"page","link":"https:\/\/netkom.web.uni-flensburg.de\/de\/","title":{"rendered":"Hauptseite"},"content":{"rendered":"\n<figure class=\"wp-block-gallery columns-1 is-cropped wp-block-gallery-1 is-layout-flex wp-block-gallery-is-layout-flex\"><ul class=\"blocks-gallery-grid\"><li class=\"blocks-gallery-item\"><figure><img loading=\"lazy\" decoding=\"async\" width=\"1024\" height=\"340\" src=\"https:\/\/netkom.web.uni-flensburg.de\/wp-content\/uploads\/2021\/04\/city-3701799_1920-1024x340.jpg\" alt=\"\" data-id=\"271\" class=\"wp-image-271\" srcset=\"https:\/\/netkom.web.uni-flensburg.de\/wp-content\/uploads\/2021\/04\/city-3701799_1920-1024x340.jpg 1024w, https:\/\/netkom.web.uni-flensburg.de\/wp-content\/uploads\/2021\/04\/city-3701799_1920-300x100.jpg 300w, https:\/\/netkom.web.uni-flensburg.de\/wp-content\/uploads\/2021\/04\/city-3701799_1920-768x255.jpg 768w, https:\/\/netkom.web.uni-flensburg.de\/wp-content\/uploads\/2021\/04\/city-3701799_1920-1536x510.jpg 1536w, https:\/\/netkom.web.uni-flensburg.de\/wp-content\/uploads\/2021\/04\/city-3701799_1920-16x5.jpg 16w, https:\/\/netkom.web.uni-flensburg.de\/wp-content\/uploads\/2021\/04\/city-3701799_1920.jpg 1920w\" sizes=\"(max-width: 1024px) 100vw, 1024px\" \/><figcaption class=\"blocks-gallery-item__caption\"><kbd>Freies Bild von Gerd Altmann auf Pixabay<\/kbd><\/figcaption><\/figure><\/li><\/ul><figcaption class=\"blocks-gallery-caption\">                                                                                           <\/figcaption><\/figure>\n\n\n\n<h2 class=\"wp-block-heading\">Willkommen bei NetKom 4.0<\/h2>\n\n\n\n<p>Das Projekt NetKom_4.0_v.2 ist ein EU-gef\u00f6rdertes Erasmus+ Projekt, in dem es um die Professionalisierung von Lehrkr\u00e4ften in der europ\u00e4ischen beruflichen Aus- und Weiterbildung geht. Das Ziel besteht darin, neue Lernkonzepte im Kontext von Industrie 4.0 zu entwickeln und zu erproben.<\/p>\n\n\n\n<p><strong>Projekttitel<\/strong>: Netzkompetenz f\u00fcr eine digitalisierte Arbeitswelt 4.0 v.2<br><strong>Antrags-Nr<\/strong>.: 2020-1-DE02-KA202-007393<br><strong>Durchf\u00fchrung in:<\/strong> Norwegen, Deutschland, Litauen, \u00d6sterreich, Portugal<br><strong>Laufzeit:<\/strong> 2020-2023<br><strong>Koordination:<\/strong> Europa-Universit\u00e4t Flensburg<\/p>\n\n\n\n<p><\/p>\n","protected":false},"excerpt":{"rendered":"<p>Willkommen bei NetKom 4.0 Das Projekt NetKom_4.0_v.2 ist ein EU-gef\u00f6rdertes Erasmus+ Projekt, in dem es um die Professionalisierung von Lehrkr\u00e4ften in der europ\u00e4ischen beruflichen Aus- und Weiterbildung geht. Das Ziel besteht darin, neue Lernkonzepte im Kontext von Industrie 4.0 zu entwickeln und zu erproben. Projekttitel: Netzkompetenz f\u00fcr eine digitalisierte Arbeitswelt 4.0 v.2Antrags-Nr.: 2020-1-DE02-KA202-007393Durchf\u00fchrung in: Norwegen, [&hellip;]<\/p>\n","protected":false},"author":1,"featured_media":0,"parent":0,"menu_order":0,"comment_status":"closed","ping_status":"closed","template":"","meta":{"site-sidebar-layout":"default","site-content-layout":"default","ast-site-content-layout":"","site-content-style":"default","site-sidebar-style":"default","ast-global-header-display":"","ast-banner-title-visibility":"","ast-main-header-display":"","ast-hfb-above-header-display":"","ast-hfb-below-header-display":"","ast-hfb-mobile-header-display":"","site-post-title":"disabled","ast-breadcrumbs-content":"","ast-featured-img":"","footer-sml-layout":"","theme-transparent-header-meta":"disabled","adv-header-id-meta":"","stick-header-meta":"","header-above-stick-meta":"","header-main-stick-meta":"","header-below-stick-meta":"","astra-migrate-meta-layouts":"default","ast-page-background-enabled":"default","ast-page-background-meta":{"desktop":{"background-color":"var(--ast-global-color-4)","background-image":"","background-repeat":"repeat","background-position":"center center","background-size":"auto","background-attachment":"scroll","background-type":"","background-media":"","overlay-type":"","overlay-color":"","overlay-opacity":"","overlay-gradient":""},"tablet":{"background-color":"","background-image":"","background-repeat":"repeat","background-position":"center center","background-size":"auto","background-attachment":"scroll","background-type":"","background-media":"","overlay-type":"","overlay-color":"","overlay-opacity":"","overlay-gradient":""},"mobile":{"background-color":"","background-image":"","background-repeat":"repeat","background-position":"center center","background-size":"auto","background-attachment":"scroll","background-type":"","background-media":"","overlay-type":"","overlay-color":"","overlay-opacity":"","overlay-gradient":""}},"ast-content-background-meta":{"desktop":{"background-color":"var(--ast-global-color-5)","background-image":"","background-repeat":"repeat","background-position":"center center","background-size":"auto","background-attachment":"scroll","background-type":"","background-media":"","overlay-type":"","overlay-color":"","overlay-opacity":"","overlay-gradient":""},"tablet":{"background-color":"var(--ast-global-color-5)","background-image":"","background-repeat":"repeat","background-position":"center center","background-size":"auto","background-attachment":"scroll","background-type":"","background-media":"","overlay-type":"","overlay-color":"","overlay-opacity":"","overlay-gradient":""},"mobile":{"background-color":"var(--ast-global-color-5)","background-image":"","background-repeat":"repeat","background-position":"center center","background-size":"auto","background-attachment":"scroll","background-type":"","background-media":"","overlay-type":"","overlay-color":"","overlay-opacity":"","overlay-gradient":""}},"footnotes":""},"class_list":["post-52","page","type-page","status-publish","hentry"],"_links":{"self":[{"href":"https:\/\/netkom.web.uni-flensburg.de\/de\/wp-json\/wp\/v2\/pages\/52"}],"collection":[{"href":"https:\/\/netkom.web.uni-flensburg.de\/de\/wp-json\/wp\/v2\/pages"}],"about":[{"href":"https:\/\/netkom.web.uni-flensburg.de\/de\/wp-json\/wp\/v2\/types\/page"}],"author":[{"embeddable":true,"href":"https:\/\/netkom.web.uni-flensburg.de\/de\/wp-json\/wp\/v2\/users\/1"}],"replies":[{"embeddable":true,"href":"https:\/\/netkom.web.uni-flensburg.de\/de\/wp-json\/wp\/v2\/comments?post=52"}],"version-history":[{"count":27,"href":"https:\/\/netkom.web.uni-flensburg.de\/de\/wp-json\/wp\/v2\/pages\/52\/revisions"}],"predecessor-version":[{"id":371,"href":"https:\/\/netkom.web.uni-flensburg.de\/de\/wp-json\/wp\/v2\/pages\/52\/revisions\/371"}],"wp:attachment":[{"href":"https:\/\/netkom.web.uni-flensburg.de\/de\/wp-json\/wp\/v2\/media?parent=52"}],"curies":[{"name":"wp","href":"https:\/\/api.w.org\/{rel}","templated":true}]}}